{"id":163,"date":"2018-01-03T09:15:25","date_gmt":"2018-01-03T08:15:25","guid":{"rendered":"http:\/\/sv-b-s.de\/wp\/?page_id=163"},"modified":"2018-02-13T18:28:20","modified_gmt":"2018-02-13T17:28:20","slug":"163-2","status":"publish","type":"page","link":"http:\/\/sv-b-s.de\/wp\/163-2\/","title":{"rendered":"Ehrenvorstand"},"content":{"rendered":"<p>&nbsp;<\/p>\n<table border=\"1\" width=\"100%\" cellspacing=\"0\" cellpadding=\"0\">\n<tbody>\n<tr>\n<td><img loading=\"lazy\" class=\"aligncenter wp-image-164\" src=\"http:\/\/sv-b-s.de\/wp-content\/uploads\/2018\/01\/coort.png\" alt=\"\" width=\"150\" height=\"187\" \/><\/td>\n<td>\n<h2>August Coort<\/h2>\n<p>&nbsp;<\/p>\n<ul type=\"circle\">\n<li>Vorstandsarbeit \u00fcber 30 Jahre<\/li>\n<li>Auf der Generalversammlung 1985 zum Ehrenkommandeur ernannt<\/li>\n<li>Verabschiedet auf der Vorstandssitzung am 29.03.1985<\/li>\n<li>Verstorben 2002<\/li>\n<\/ul>\n<\/td>\n<\/tr>\n<tr>\n<td>Er war 32 Jahre unser Kommandeur und sorgte immer f\u00fcr markige Befehle. Besonders tat er sich auch als Humorist am zweiten Sch\u00fctzenfesttag hervor.<br \/>\nSeine humorvollen Beitr\u00e4ge wurden immer mit viel Bei\u00adfall honoriert. August Coort verstand es immer wieder die Festteilnehmer in seinen Bann zu ziehen<br \/>\nund alle waren gespannt was \u201e Coort Deutschland&#8220; wieder Heues auf Lager hatte. Bei seiner Verabschiedung aus dem Vorstand erkl\u00e4rte er: \u201eBefehle will ich<br \/>\njetzt nicht mehr erteilen, daf\u00fcr aber weiterhin als Stimmungsmacher auftreten.&#8220; Bis zu seinem Tod hat August Coort den \u201eStimmungsmacher&#8220; in seiner<br \/>\ngenialen Art immer wieder unter Beweis gestellt. Dem Sch\u00fctzenverein Basum-Sussum werden diese beiden verstorbenen Vereinsmitglieder ganz besonders in<br \/>\nguter und dankbarer Erinnerung behalten<\/td>\n<\/tr>\n<tr>\n<td><img loading=\"lazy\" class=\"aligncenter wp-image-178\" src=\"http:\/\/sv-b-s.de\/wp-content\/uploads\/2018\/01\/Josef-Schulte-202x300.jpg\" alt=\"\" width=\"150\" height=\"223\" \/><\/td>\n<td>\n<h2>Josef Schulte<\/h2>\n<p>&nbsp;<\/p>\n<ul type=\"circle\">\n<li>Vorstandsarbeit \u00fcber 30 Jahre<\/li>\n<li>Auf der Generalversammlung 1983 zum Ehrenf\u00e4hnerich ernannt.<\/li>\n<li>Verabschiedet auf der Vorstandssitzung 29.03.1983<\/li>\n<li>Verstorben 2007<\/li>\n<\/ul>\n<\/td>\n<\/tr>\n<tr>\n<td><img loading=\"lazy\" class=\"aligncenter wp-image-165\" src=\"http:\/\/sv-b-s.de\/wp-content\/uploads\/2018\/01\/feldker-204x300.png\" alt=\"\" width=\"150\" height=\"221\" srcset=\"http:\/\/sv-b-s.de\/wp-content\/uploads\/2018\/01\/feldker-204x300.png 204w, http:\/\/sv-b-s.de\/wp-content\/uploads\/2018\/01\/feldker.png 243w\" sizes=\"(max-width: 150px) 100vw, 150px\" \/><\/td>\n<td>\n<h2>Georg Feldker<\/h2>\n<ul type=\"circle\">\n<li>Vorstandsarbeit \u00fcber 22 Jahre.<\/li>\n<li>Als Pr\u00e4sident 15 Jahre<\/li>\n<li>Auf der Generalversammlung 1984 zum Ehrenpr\u00e4sidenten ernannt.<\/li>\n<li>Titel zum Ehrenpr\u00e4sidenten mit 60 Jahre<\/li>\n<li>Verabschiedet auf der Vorstandssitzung 13.04.1984<\/li>\n<li>Verstorben 2004<\/li>\n<\/ul>\n<\/td>\n<\/tr>\n<tr>\n<td>Leider war es ihm nicht verg\u00f6nnt, dieses gro\u00dfe Ereignis noch zu erleben. Er starb am 01.08.2004 nach einer langen und schweren Krank\u00adheit. Georg Feldker war \u00fcber 20 Jahre<br \/>\nim Vorstand t\u00e4tig, davon 15 Jahre als Pr\u00e4sident. Unter seiner F\u00fchrung nahm der Sch\u00fctzenverein einen intensiven und \u00fcberaus erfreulichen Aufschwung. Insbesondere zum<br \/>\n125-j\u00e4hrigen Bestehen im Jahre 1980 war er der Garant f\u00fcr den \u00fcberaus erfolgreichen Verlauf des Jubelfestes. Aber auch f\u00fcr das Gesellige war Georg Feldker immer zu haben.<br \/>\nIch m\u00f6chte nur an eine Begebenheit erinnern: Auf einer Vorstandssitzung konnten wir uns nicht einigen, welche Kapelle auf unserem Sch\u00fctzenball spielen sollte.<br \/>\nDa aber am selben Abend die Sch\u00fctzenbr\u00fcder von Engelern &#8211; Schlichthorst ihren Sch\u00fctzenball feierten, wurde kurzerhand ein Bus bestellt. Der gesamte Vorstand fuhr<br \/>\ndann gegen 24 Uhr los, um sich von der Musikkapelle, die dort spielte, zu \u00fcberzeugen. Georg Feldker erkl\u00e4rte bei seiner Verabschiedung als Pr\u00e4sident und seiner<br \/>\nErnennung zum Ehrenpr\u00e4sidenten in seiner gesch\u00e4tzten Bescheidenheit: \u201eIch habe nur meine Pflicht getan. Ich werde auch in Zukunft aktiv am Sch\u00fctzenleben teilnehmen<br \/>\nund bin bereit, dem Vorstand mit Rat und Tat zur Seite zu stehen, wenn das gew\u00fcnscht wird. Dieses Versprechen haben wir vom Vorstand immer wieder gerne in Anspruch<br \/>\ngenommen und uns seinen Rat zu Eigen gemacht.<\/td>\n<\/tr>\n<tr>\n<td>\u00a0<img loading=\"lazy\" class=\"aligncenter wp-image-169\" src=\"http:\/\/sv-b-s.de\/wp-content\/uploads\/2018\/01\/holtheide-256x300.jpg\" alt=\"\" width=\"150\" height=\"176\" srcset=\"http:\/\/sv-b-s.de\/wp-content\/uploads\/2018\/01\/holtheide-256x300.jpg 256w, http:\/\/sv-b-s.de\/wp-content\/uploads\/2018\/01\/holtheide-768x901.jpg 768w, http:\/\/sv-b-s.de\/wp-content\/uploads\/2018\/01\/holtheide-873x1024.jpg 873w, http:\/\/sv-b-s.de\/wp-content\/uploads\/2018\/01\/holtheide.jpg 1648w\" sizes=\"(max-width: 150px) 100vw, 150px\" \/><\/td>\n<td>\n<h2>Franz Holtheide<\/h2>\n<ul type=\"circle\">\n<li>Vorstandsarbeit: 32 Jahre.<\/li>\n<li>Als Pr\u00e4sident 22 Jahre<\/li>\n<li>Auf der Generalversammlung 2006 zum Ehrenpr\u00e4sidenten ernannt.<\/li>\n<li>Titel zum Ehrenpr\u00e4sidenten mit 63 Jahre<\/li>\n<li>Verabschiedet auf der Vorstandssitzung 24.02.2006<\/li>\n<\/ul>\n<\/td>\n<\/tr>\n<tr>\n<td>\u00a0<img loading=\"lazy\" class=\"aligncenter wp-image-171\" src=\"http:\/\/sv-b-s.de\/wp-content\/uploads\/2018\/01\/2015_Guenter_Kirchner.png\" alt=\"\" width=\"150\" height=\"136\" \/><\/td>\n<td>\n<h2>G\u00fcnther Kirchner<\/h2>\n<ul type=\"circle\">\n<li>Vorstandsarbeit: 29 Jahre<\/li>\n<li>Als Schie\u00dfmeister 29 Jahre<\/li>\n<li>Auf der Generalversammlung 2007 zum Ehrenschie\u00dfwart ernannt.<\/li>\n<li>Verabschiedet auf der Vorstandssitzung 24.02.2006<\/li>\n<\/ul>\n<\/td>\n<\/tr>\n<tr>\n<td><img loading=\"lazy\" class=\"size-full wp-image-177 aligncenter\" src=\"http:\/\/sv-b-s.de\/wp-content\/uploads\/2018\/01\/Heramnn.jpg\" alt=\"\" width=\"150\" height=\"200\" \/><\/td>\n<td>\n<h2>Hermann Brunneke<\/h2>\n<ul type=\"circle\">\n<li>Vorstandsarbeit: 21 Jahre<\/li>\n<li>Als Kommandeur 21 Jahre<\/li>\n<li>Auf der Generalversammlung 2009 zum Ehrenkommandeur ernannt.<\/li>\n<li>Verabschiedung auf der Vorstandssitzung 20.03.2009<\/li>\n<\/ul>\n<\/td>\n<\/tr>\n<tr>\n<td><img loading=\"lazy\" class=\"wp-image-175 size-full aligncenter\" src=\"http:\/\/sv-b-s.de\/wp-content\/uploads\/2018\/01\/Alfred.jpg\" alt=\"\" width=\"150\" height=\"200\" \/><\/td>\n<td>\n<h2>Alfred Feldker<\/h2>\n<ul type=\"circle\">\n<li>Vorstandsarbeit: 36 Jahre<\/li>\n<li>Als Kassierer 33 Jahre<\/li>\n<li>Auf der Generalversammlung 2011 zum Ehrenvorstandsmitglied ernannt.<\/li>\n<li>Verabschiedung auf der Vorstandssitzung 18.03.2011<\/li>\n<\/ul>\n<\/td>\n<\/tr>\n<tr>\n<td>\u00a0<img loading=\"lazy\" class=\"aligncenter wp-image-173\" src=\"http:\/\/sv-b-s.de\/wp-content\/uploads\/2018\/01\/2010_Josef_Schroeder-232x300.jpg\" alt=\"\" width=\"150\" height=\"194\" srcset=\"http:\/\/sv-b-s.de\/wp-content\/uploads\/2018\/01\/2010_Josef_Schroeder-232x300.jpg 232w, http:\/\/sv-b-s.de\/wp-content\/uploads\/2018\/01\/2010_Josef_Schroeder-768x992.jpg 768w, http:\/\/sv-b-s.de\/wp-content\/uploads\/2018\/01\/2010_Josef_Schroeder-792x1024.jpg 792w, http:\/\/sv-b-s.de\/wp-content\/uploads\/2018\/01\/2010_Josef_Schroeder.jpg 1314w\" sizes=\"(max-width: 150px) 100vw, 150px\" \/><\/td>\n<td>\n<h2>Josef Schr\u00f6der<\/h2>\n<ul type=\"circle\">\n<li>Vorstandsarbeit: 25 Jahre<\/li>\n<li>Als Schriftf\u00fchrer 18 Jahre<\/li>\n<li>Auf der Generalversammlung 2011 zum Ehrenvorstandsmitglied ernannt.<\/li>\n<li>Verabschiedung auf der Vorstandssitzung 18.03.2011<\/li>\n<\/ul>\n<\/td>\n<\/tr>\n<tr>\n<td>\u00a0<img loading=\"lazy\" class=\"aligncenter wp-image-166\" src=\"http:\/\/sv-b-s.de\/wp-content\/uploads\/2018\/01\/kratz-217x300.png\" alt=\"\" width=\"150\" height=\"208\" srcset=\"http:\/\/sv-b-s.de\/wp-content\/uploads\/2018\/01\/kratz-217x300.png 217w, http:\/\/sv-b-s.de\/wp-content\/uploads\/2018\/01\/kratz.png 508w\" sizes=\"(max-width: 150px) 100vw, 150px\" \/><\/td>\n<td>\n<h2>Paul Kratz<\/h2>\n<ul type=\"circle\">\n<li>Vorstandsarbeit: 22 Jahre<\/li>\n<li>Als stellv. Kommandeur:18 Jahre<\/li>\n<li>Anschlie\u00dfend als Kommandeur: 3 Jahre<\/li>\n<li>Auf der Generalversammlung 2012 zum Ehrenvorstandsmitglied ernannt.<\/li>\n<li>Verabschiedung auf der Vorstandssitzung 02.03.2012<\/li>\n<\/ul>\n<\/td>\n<\/tr>\n<tr>\n<td><img loading=\"lazy\" class=\"wp-image-176 size-full aligncenter\" src=\"http:\/\/sv-b-s.de\/wp-content\/uploads\/2018\/01\/Kalle.jpg\" alt=\"\" width=\"150\" height=\"200\" \/><\/td>\n<td>\n<h2>Karl-Heinz Klune<\/h2>\n<ul type=\"circle\">\n<li>Vorstandsarbeit: 33 Jahre<\/li>\n<li>Als stlv. Schriftf\u00fchrer: 3 Jahre<\/li>\n<li>Anschlie\u00dfend als stlv. Pr\u00e4sident: 22 Jahre<\/li>\n<li>Und als Pr\u00e4sident : 8 Jahre<\/li>\n<li>Auf der Generalversammlung 2014 zum Ehrenvorstandsmitglied ernannt.<\/li>\n<li>Verabschiedung auf der Vorstandssitzung 07.03.2014<\/li>\n<\/ul>\n<\/td>\n<\/tr>\n<\/tbody>\n<\/table>\n","protected":false},"excerpt":{"rendered":"<p>&nbsp; August Coort &nbsp; Vorstandsarbeit \u00fcber 30 Jahre Auf der Generalversammlung 1985 zum Ehrenkommandeur ernannt Verabschiedet auf der Vorstandssitzung am<\/p>\n","protected":false},"author":1,"featured_media":0,"parent":0,"menu_order":0,"comment_status":"closed","ping_status":"closed","template":"","meta":[],"_links":{"self":[{"href":"http:\/\/sv-b-s.de\/wp\/wp-json\/wp\/v2\/pages\/163"}],"collection":[{"href":"http:\/\/sv-b-s.de\/wp\/wp-json\/wp\/v2\/pages"}],"about":[{"href":"http:\/\/sv-b-s.de\/wp\/wp-json\/wp\/v2\/types\/page"}],"author":[{"embeddable":true,"href":"http:\/\/sv-b-s.de\/wp\/wp-json\/wp\/v2\/users\/1"}],"replies":[{"embeddable":true,"href":"http:\/\/sv-b-s.de\/wp\/wp-json\/wp\/v2\/comments?post=163"}],"version-history":[{"count":5,"href":"http:\/\/sv-b-s.de\/wp\/wp-json\/wp\/v2\/pages\/163\/revisions"}],"predecessor-version":[{"id":519,"href":"http:\/\/sv-b-s.de\/wp\/wp-json\/wp\/v2\/pages\/163\/revisions\/519"}],"wp:attachment":[{"href":"http:\/\/sv-b-s.de\/wp\/wp-json\/wp\/v2\/media?parent=163"}],"curies":[{"name":"wp","href":"https:\/\/api.w.org\/{rel}","templated":true}]}}